{"id":1754,"date":"2025-10-02T13:04:06","date_gmt":"2025-10-02T13:04:06","guid":{"rendered":"https:\/\/faroladventuretrail.com\/?page_id=1754"},"modified":"2025-10-02T13:41:44","modified_gmt":"2025-10-02T13:41:44","slug":"fat-36-km","status":"publish","type":"page","link":"https:\/\/faroladventuretrail.com\/en\/fat-36-km\/","title":{"rendered":"FAT 36 KM"},"content":{"rendered":"<div data-elementor-type=\"wp-page\" data-elementor-id=\"1754\" class=\"elementor elementor-1754\">\n\t\t\t\t<div class=\"elementor-element elementor-element-3eb33ada e-flex e-con-boxed e-con e-parent\" data-id=\"3eb33ada\" data-element_type=\"container\" data-e-type=\"container\" data-settings=\"{&quot;background_background&quot;:&quot;classic&quot;}\">\n\t\t\t\t\t<div class=\"e-con-inner\">\n\t\t\t\t<div class=\"elementor-element elementor-element-7488183c elementor-absolute elementor-hidden-mobile elementor-widget__width-initial elementor-widget elementor-widget-image\" data-id=\"7488183c\" data-element_type=\"widget\" data-e-type=\"widget\" data-settings=\"{&quot;_position&quot;:&quot;absolute&quot;}\" data-widget_type=\"image.default\">\n\t\t\t\t<div class=\"elementor-widget-container\">\n\t\t\t\t\t\t\t\t\t\t\t\t\t\t\t<img fetchpriority=\"high\" decoding=\"async\" width=\"721\" height=\"1024\" src=\"https:\/\/faroladventuretrail.com\/wp-content\/uploads\/2025\/09\/WEBSITE_36KM-721x1024.webp\" class=\"attachment-large size-large wp-image-1042\" alt=\"\" srcset=\"https:\/\/faroladventuretrail.com\/wp-content\/uploads\/2025\/09\/WEBSITE_36KM-721x1024.webp 721w, https:\/\/faroladventuretrail.com\/wp-content\/uploads\/2025\/09\/WEBSITE_36KM-211x300.webp 211w, https:\/\/faroladventuretrail.com\/wp-content\/uploads\/2025\/09\/WEBSITE_36KM-768x1091.webp 768w, https:\/\/faroladventuretrail.com\/wp-content\/uploads\/2025\/09\/WEBSITE_36KM-1082x1536.webp 1082w, https:\/\/faroladventuretrail.com\/wp-content\/uploads\/2025\/09\/WEBSITE_36KM-1442x2048.png 1442w, https:\/\/faroladventuretrail.com\/wp-content\/uploads\/2025\/09\/WEBSITE_36KM-scaled.webp 1352w\" sizes=\"(max-width: 721px) 100vw, 721px\" \/>\t\t\t\t\t\t\t\t\t\t\t\t\t\t\t<\/div>\n\t\t\t\t<\/div>\n\t\t\t\t<div class=\"elementor-element elementor-element-25c3d1ba elementor-widget-mobile__width-initial elementor-absolute elementor-hidden-desktop elementor-hidden-tablet elementor-widget__width-initial elementor-widget elementor-widget-image\" data-id=\"25c3d1ba\" data-element_type=\"widget\" data-e-type=\"widget\" data-settings=\"{&quot;_position&quot;:&quot;absolute&quot;}\" data-widget_type=\"image.default\">\n\t\t\t\t<div class=\"elementor-widget-container\">\n\t\t\t\t\t\t\t\t\t\t\t\t\t\t\t<img fetchpriority=\"high\" decoding=\"async\" width=\"721\" height=\"1024\" src=\"https:\/\/faroladventuretrail.com\/wp-content\/uploads\/2025\/09\/WEBSITE_36KM-721x1024.webp\" class=\"attachment-large size-large wp-image-1042\" alt=\"\" srcset=\"https:\/\/faroladventuretrail.com\/wp-content\/uploads\/2025\/09\/WEBSITE_36KM-721x1024.webp 721w, https:\/\/faroladventuretrail.com\/wp-content\/uploads\/2025\/09\/WEBSITE_36KM-211x300.webp 211w, https:\/\/faroladventuretrail.com\/wp-content\/uploads\/2025\/09\/WEBSITE_36KM-768x1091.webp 768w, https:\/\/faroladventuretrail.com\/wp-content\/uploads\/2025\/09\/WEBSITE_36KM-1082x1536.webp 1082w, https:\/\/faroladventuretrail.com\/wp-content\/uploads\/2025\/09\/WEBSITE_36KM-1442x2048.png 1442w, https:\/\/faroladventuretrail.com\/wp-content\/uploads\/2025\/09\/WEBSITE_36KM-scaled.webp 1352w\" sizes=\"(max-width: 721px) 100vw, 721px\" \/>\t\t\t\t\t\t\t\t\t\t\t\t\t\t\t<\/div>\n\t\t\t\t<\/div>\n\t\t\t\t\t<\/div>\n\t\t\t\t<\/div>\n\t\t<div class=\"elementor-element elementor-element-4c3fd64 e-grid e-con-boxed e-con e-parent\" data-id=\"4c3fd64\" data-element_type=\"container\" data-e-type=\"container\">\n\t\t\t\t\t<div class=\"e-con-inner\">\n\t\t\t\t<div class=\"elementor-element elementor-element-9ca28fa elementor-widget elementor-widget-image\" data-id=\"9ca28fa\" data-element_type=\"widget\" data-e-type=\"widget\" data-widget_type=\"image.default\">\n\t\t\t\t<div class=\"elementor-widget-container\">\n\t\t\t\t\t\t\t\t\t\t\t\t\t\t\t<img decoding=\"async\" width=\"800\" height=\"500\" src=\"https:\/\/faroladventuretrail.com\/wp-content\/uploads\/2025\/09\/mapa-36-km.webp\" class=\"attachment-large size-large wp-image-1030\" alt=\"\" srcset=\"https:\/\/faroladventuretrail.com\/wp-content\/uploads\/2025\/09\/mapa-36-km.webp 800w, https:\/\/faroladventuretrail.com\/wp-content\/uploads\/2025\/09\/mapa-36-km-300x188.webp 300w, https:\/\/faroladventuretrail.com\/wp-content\/uploads\/2025\/09\/mapa-36-km-768x480.webp 768w\" sizes=\"(max-width: 800px) 100vw, 800px\" \/>\t\t\t\t\t\t\t\t\t\t\t\t\t\t\t<\/div>\n\t\t\t\t<\/div>\n\t\t<div class=\"elementor-element elementor-element-c76c37a e-con-full e-flex e-con e-child\" data-id=\"c76c37a\" data-element_type=\"container\" data-e-type=\"container\">\n\t\t\t\t<div class=\"elementor-element elementor-element-1e28d3dd elementor-widget elementor-widget-text-editor\" data-id=\"1e28d3dd\" data-element_type=\"widget\" data-e-type=\"widget\" data-widget_type=\"text-editor.default\">\n\t\t\t\t<div class=\"elementor-widget-container\">\n\t\t\t\t\t\t\t\t\t<p style=\"font-size: 16px; font-style: normal; font-weight: 400; text-align: start;\">FAT 36 km \u2013 Long Trail, crosses the island from north to south. From Farol da Ponta do Albernaz in Ponta Delgada to Farol da Ponta das Lajes.<\/p><p style=\"font-size: 16px; font-style: normal; font-weight: 400; text-align: start;\">Along the way, athletes face technical trails, demanding climbs, and breathtaking landscapes, in a setting where the toughness of the challenge meets the untouched beauty of the Azores.<\/p>\t\t\t\t\t\t\t\t<\/div>\n\t\t\t\t<\/div>\n\t\t<div class=\"elementor-element elementor-element-b5b5b70 e-con-full e-flex e-con e-child\" data-id=\"b5b5b70\" data-element_type=\"container\" data-e-type=\"container\">\n\t\t\t\t<div class=\"elementor-element elementor-element-432c3aa eael_liquid_glass-effect2 eael_liquid_glass_shadow-effect4 elementor-widget elementor-widget-eael-creative-button\" data-id=\"432c3aa\" data-element_type=\"widget\" data-e-type=\"widget\" data-widget_type=\"eael-creative-button.default\">\n\t\t\t\t<div class=\"elementor-widget-container\">\n\t\t\t\t\t        <div class=\"eael-creative-button-wrapper\">\n\n            <a class=\"eael-creative-button eael-creative-button--rayen eael-cb-icon-position-\" href=\"https:\/\/acorrer.pt\/eventos\/3936\/info\" data-text=\"RUMO \u00c0 AVENTURA\">\n            \t    \n                <div class=\"creative-button-inner\">\n\n                    \n                    <span class=\"cretive-button-text\">REGISTRATION<\/span>\n\n                                    <\/div>\n\t                        <\/a>\n        <\/div>\n        \t\t\t\t<\/div>\n\t\t\t\t<\/div>\n\t\t\t\t<\/div>\n\t\t\t\t<\/div>\n\t\t\t\t\t<\/div>\n\t\t\t\t<\/div>\n\t\t<div class=\"elementor-element elementor-element-b458066 e-grid e-con-full e-con e-parent\" data-id=\"b458066\" data-element_type=\"container\" data-e-type=\"container\">\n\t\t\t\t<div class=\"elementor-element elementor-element-e2363e0 elementor-widget__width-inherit elementor-widget elementor-widget-image\" data-id=\"e2363e0\" data-element_type=\"widget\" data-e-type=\"widget\" data-widget_type=\"image.default\">\n\t\t\t\t<div class=\"elementor-widget-container\">\n\t\t\t\t\t\t\t\t\t\t\t\t\t\t\t<img decoding=\"async\" width=\"1024\" height=\"324\" src=\"https:\/\/faroladventuretrail.com\/wp-content\/uploads\/2025\/10\/WEBSITE_EN-36-1-scaled.jpg\" class=\"attachment-large size-large wp-image-1421\" alt=\"\" srcset=\"https:\/\/faroladventuretrail.com\/wp-content\/uploads\/2025\/10\/WEBSITE_EN-36-1-scaled.jpg 2560w, https:\/\/faroladventuretrail.com\/wp-content\/uploads\/2025\/10\/WEBSITE_EN-36-1-300x95.jpg 300w, https:\/\/faroladventuretrail.com\/wp-content\/uploads\/2025\/10\/WEBSITE_EN-36-1-1024x324.jpg 1024w, https:\/\/faroladventuretrail.com\/wp-content\/uploads\/2025\/10\/WEBSITE_EN-36-1-768x243.jpg 768w, https:\/\/faroladventuretrail.com\/wp-content\/uploads\/2025\/10\/WEBSITE_EN-36-1-1536x487.jpg 1536w, https:\/\/faroladventuretrail.com\/wp-content\/uploads\/2025\/10\/WEBSITE_EN-36-1-2048x649.jpg 2048w, https:\/\/faroladventuretrail.com\/wp-content\/uploads\/2025\/10\/WEBSITE_EN-36-1-18x6.jpg 18w\" sizes=\"(max-width: 1024px) 100vw, 1024px\" \/>\t\t\t\t\t\t\t\t\t\t\t\t\t\t\t<\/div>\n\t\t\t\t<\/div>\n\t\t<a class=\"eael-wrapper-link-91403c3 --eael-wrapper-link-tag\" href=\"https:\/\/tracedetrail.fr\/en\/trace\/297462\"><\/a>\t\t<div data-eael-wrapper-link=\"eael-wrapper-link-91403c3\" class=\"elementor-element elementor-element-91403c3 elementor-widget elementor-widget-image\" data-id=\"91403c3\" data-element_type=\"widget\" data-e-type=\"widget\" data-widget_type=\"image.default\">\n\t\t\t\t<div class=\"elementor-widget-container\">\n\t\t\t\t\t\t\t\t\t\t\t\t\t\t\t<img loading=\"lazy\" decoding=\"async\" width=\"1000\" height=\"300\" src=\"https:\/\/faroladventuretrail.com\/wp-content\/uploads\/2025\/09\/PERFIL-36.webp\" class=\"attachment-large size-large wp-image-1067\" alt=\"\" srcset=\"https:\/\/faroladventuretrail.com\/wp-content\/uploads\/2025\/09\/PERFIL-36.webp 1000w, https:\/\/faroladventuretrail.com\/wp-content\/uploads\/2025\/09\/PERFIL-36-300x90.png 300w, https:\/\/faroladventuretrail.com\/wp-content\/uploads\/2025\/09\/PERFIL-36-768x230.png 768w\" sizes=\"(max-width: 1000px) 100vw, 1000px\" \/>\t\t\t\t\t\t\t\t\t\t\t\t\t\t\t<\/div>\n\t\t\t\t<\/div>\n\t\t\t\t<\/div>\n\t\t<div class=\"elementor-element elementor-element-ba8612b e-grid e-con-full elementor-hidden-desktop elementor-hidden-tablet e-con e-parent\" data-id=\"ba8612b\" data-element_type=\"container\" data-e-type=\"container\">\n\t\t<div class=\"elementor-element elementor-element-678f947 e-grid e-con-full e-con e-child\" data-id=\"678f947\" data-element_type=\"container\" data-e-type=\"container\">\n\t\t\t\t<div class=\"elementor-element elementor-element-7c05153 elementor-widget-mobile__width-inherit elementor-widget elementor-widget-image\" data-id=\"7c05153\" data-element_type=\"widget\" data-e-type=\"widget\" data-widget_type=\"image.default\">\n\t\t\t\t<div class=\"elementor-widget-container\">\n\t\t\t\t\t\t\t\t\t\t\t\t\t\t\t<img loading=\"lazy\" decoding=\"async\" width=\"333\" height=\"141\" src=\"https:\/\/faroladventuretrail.com\/wp-content\/uploads\/2025\/10\/LOGO-ATRP.webp\" class=\"attachment-large size-large wp-image-1126\" alt=\"\" srcset=\"https:\/\/faroladventuretrail.com\/wp-content\/uploads\/2025\/10\/LOGO-ATRP.webp 333w, https:\/\/faroladventuretrail.com\/wp-content\/uploads\/2025\/10\/LOGO-ATRP-300x127.webp 300w\" sizes=\"(max-width: 333px) 100vw, 333px\" \/>\t\t\t\t\t\t\t\t\t\t\t\t\t\t\t<\/div>\n\t\t\t\t<\/div>\n\t\t\t\t<div class=\"elementor-element elementor-element-5f87f58 elementor-widget elementor-widget-image\" data-id=\"5f87f58\" data-element_type=\"widget\" data-e-type=\"widget\" data-widget_type=\"image.default\">\n\t\t\t\t<div class=\"elementor-widget-container\">\n\t\t\t\t\t\t\t\t\t\t\t\t\t\t\t<img loading=\"lazy\" decoding=\"async\" width=\"1024\" height=\"331\" src=\"https:\/\/faroladventuretrail.com\/wp-content\/uploads\/2025\/10\/Index-50K-1024x331.png\" class=\"attachment-large size-large wp-image-1191\" alt=\"\" srcset=\"https:\/\/faroladventuretrail.com\/wp-content\/uploads\/2025\/10\/Index-50K-1024x331.png 1024w, https:\/\/faroladventuretrail.com\/wp-content\/uploads\/2025\/10\/Index-50K-300x97.png 300w, https:\/\/faroladventuretrail.com\/wp-content\/uploads\/2025\/10\/Index-50K-768x248.png 768w, https:\/\/faroladventuretrail.com\/wp-content\/uploads\/2025\/10\/Index-50K-1536x496.png 1536w, https:\/\/faroladventuretrail.com\/wp-content\/uploads\/2025\/10\/Index-50K-2048x661.png 2048w, https:\/\/faroladventuretrail.com\/wp-content\/uploads\/2025\/10\/Index-50K-scaled.webp 1920w\" sizes=\"(max-width: 1024px) 100vw, 1024px\" \/>\t\t\t\t\t\t\t\t\t\t\t\t\t\t\t<\/div>\n\t\t\t\t<\/div>\n\t\t\t\t<div class=\"elementor-element elementor-element-eb6d361 elementor-widget elementor-widget-image\" data-id=\"eb6d361\" data-element_type=\"widget\" data-e-type=\"widget\" data-widget_type=\"image.default\">\n\t\t\t\t<div class=\"elementor-widget-container\">\n\t\t\t\t\t\t\t\t\t\t\t\t\t\t\t<img loading=\"lazy\" decoding=\"async\" width=\"78\" height=\"45\" src=\"https:\/\/faroladventuretrail.com\/wp-content\/uploads\/2025\/10\/two_svg.svg\" class=\"attachment-large size-large wp-image-1192\" alt=\"\" \/>\t\t\t\t\t\t\t\t\t\t\t\t\t\t\t<\/div>\n\t\t\t\t<\/div>\n\t\t\t\t<\/div>\n\t\t\t\t<\/div>\n\t\t<div class=\"elementor-element elementor-element-1900f8c e-grid elementor-hidden-mobile e-con-boxed e-con e-parent\" data-id=\"1900f8c\" data-element_type=\"container\" data-e-type=\"container\">\n\t\t\t\t\t<div class=\"e-con-inner\">\n\t\t<div class=\"elementor-element elementor-element-57ba2a1 e-grid e-con-full e-con e-child\" data-id=\"57ba2a1\" data-element_type=\"container\" data-e-type=\"container\">\n\t\t\t\t<div class=\"elementor-element elementor-element-160e131 elementor-widget__width-inherit elementor-widget elementor-widget-image\" data-id=\"160e131\" data-element_type=\"widget\" data-e-type=\"widget\" data-widget_type=\"image.default\">\n\t\t\t\t<div class=\"elementor-widget-container\">\n\t\t\t\t\t\t\t\t\t\t\t\t\t\t\t<img loading=\"lazy\" decoding=\"async\" width=\"333\" height=\"141\" src=\"https:\/\/faroladventuretrail.com\/wp-content\/uploads\/2025\/10\/LOGO-ATRP.webp\" class=\"attachment-large size-large wp-image-1126\" alt=\"\" srcset=\"https:\/\/faroladventuretrail.com\/wp-content\/uploads\/2025\/10\/LOGO-ATRP.webp 333w, https:\/\/faroladventuretrail.com\/wp-content\/uploads\/2025\/10\/LOGO-ATRP-300x127.webp 300w\" sizes=\"(max-width: 333px) 100vw, 333px\" \/>\t\t\t\t\t\t\t\t\t\t\t\t\t\t\t<\/div>\n\t\t\t\t<\/div>\n\t\t\t\t<div class=\"elementor-element elementor-element-5208958 elementor-widget elementor-widget-image\" data-id=\"5208958\" data-element_type=\"widget\" data-e-type=\"widget\" data-widget_type=\"image.default\">\n\t\t\t\t<div class=\"elementor-widget-container\">\n\t\t\t\t\t\t\t\t\t\t\t\t\t\t\t<img loading=\"lazy\" decoding=\"async\" width=\"1024\" height=\"331\" src=\"https:\/\/faroladventuretrail.com\/wp-content\/uploads\/2025\/10\/Index-50K-1024x331.png\" class=\"attachment-large size-large wp-image-1191\" alt=\"\" srcset=\"https:\/\/faroladventuretrail.com\/wp-content\/uploads\/2025\/10\/Index-50K-1024x331.png 1024w, https:\/\/faroladventuretrail.com\/wp-content\/uploads\/2025\/10\/Index-50K-300x97.png 300w, https:\/\/faroladventuretrail.com\/wp-content\/uploads\/2025\/10\/Index-50K-768x248.png 768w, https:\/\/faroladventuretrail.com\/wp-content\/uploads\/2025\/10\/Index-50K-1536x496.png 1536w, https:\/\/faroladventuretrail.com\/wp-content\/uploads\/2025\/10\/Index-50K-2048x661.png 2048w, https:\/\/faroladventuretrail.com\/wp-content\/uploads\/2025\/10\/Index-50K-scaled.webp 1920w\" sizes=\"(max-width: 1024px) 100vw, 1024px\" \/>\t\t\t\t\t\t\t\t\t\t\t\t\t\t\t<\/div>\n\t\t\t\t<\/div>\n\t\t\t\t<div class=\"elementor-element elementor-element-c1b917f elementor-widget__width-inherit elementor-widget elementor-widget-image\" data-id=\"c1b917f\" data-element_type=\"widget\" data-e-type=\"widget\" data-widget_type=\"image.default\">\n\t\t\t\t<div class=\"elementor-widget-container\">\n\t\t\t\t\t\t\t\t\t\t\t\t\t\t\t<img loading=\"lazy\" decoding=\"async\" width=\"78\" height=\"45\" src=\"https:\/\/faroladventuretrail.com\/wp-content\/uploads\/2025\/10\/two_svg.svg\" class=\"attachment-large size-large wp-image-1192\" alt=\"\" \/>\t\t\t\t\t\t\t\t\t\t\t\t\t\t\t<\/div>\n\t\t\t\t<\/div>\n\t\t\t\t<\/div>\n\t\t<div class=\"elementor-element elementor-element-6ba3c83 e-con-full e-flex e-con e-child\" data-id=\"6ba3c83\" data-element_type=\"container\" data-e-type=\"container\">\n\t\t\t\t<div class=\"elementor-element elementor-element-85788d3 elementor-widget elementor-widget-eael-creative-button\" data-id=\"85788d3\" data-element_type=\"widget\" data-e-type=\"widget\" data-widget_type=\"eael-creative-button.default\">\n\t\t\t\t<div class=\"elementor-widget-container\">\n\t\t\t\t\t        <div class=\"eael-creative-button-wrapper\">\n\n            <a class=\"eael-creative-button eael-creative-button--default eael-cb-icon-position-\" href=\"https:\/\/drive.google.com\/file\/d\/1-Xteu6oSKiEymXSJL_5ye8m3bepzY-Bt\/view?usp=drive_link\" data-text=\"\">\n            \t    \n                <div class=\"creative-button-inner\">\n\n                    \n                    <span class=\"cretive-button-text\">GPX<\/span>\n\n                                    <\/div>\n\t                        <\/a>\n        <\/div>\n        \t\t\t\t<\/div>\n\t\t\t\t<\/div>\n\t\t\t\t<\/div>\n\t\t<div class=\"elementor-element elementor-element-8d08406 e-con-full e-flex e-con e-child\" data-id=\"8d08406\" data-element_type=\"container\" data-e-type=\"container\">\n\t\t\t\t<div class=\"elementor-element elementor-element-806b029 elementor-widget elementor-widget-eael-creative-button\" data-id=\"806b029\" data-element_type=\"widget\" data-e-type=\"widget\" data-widget_type=\"eael-creative-button.default\">\n\t\t\t\t<div class=\"elementor-widget-container\">\n\t\t\t\t\t        <div class=\"eael-creative-button-wrapper\">\n\n            <a class=\"eael-creative-button eael-creative-button--default eael-cb-icon-position-\" href=\"https:\/\/drive.google.com\/drive\/folders\/1drAVrgXTBrbBmolO1NHQPY32_BY_FC7O?usp=drive_link\" data-text=\"\">\n            \t    \n                <div class=\"creative-button-inner\">\n\n                    \n                    <span class=\"cretive-button-text\">DETAILS<\/span>\n\n                                    <\/div>\n\t                        <\/a>\n        <\/div>\n        \t\t\t\t<\/div>\n\t\t\t\t<\/div>\n\t\t\t\t<\/div>\n\t\t\t\t\t<\/div>\n\t\t\t\t<\/div>\n\t\t<div class=\"elementor-element elementor-element-4f8a740 e-flex e-con-boxed e-con e-parent\" data-id=\"4f8a740\" data-element_type=\"container\" data-e-type=\"container\">\n\t\t\t\t\t<div class=\"e-con-inner\">\n\t\t\t\t<div class=\"elementor-element elementor-element-a28f4cd elementor-widget__width-inherit elementor-widget-divider--view-line elementor-widget elementor-widget-divider\" data-id=\"a28f4cd\" data-element_type=\"widget\" data-e-type=\"widget\" data-widget_type=\"divider.default\">\n\t\t\t\t<div class=\"elementor-widget-container\">\n\t\t\t\t\t\t\t<div class=\"elementor-divider\">\n\t\t\t<span class=\"elementor-divider-separator\">\n\t\t\t\t\t\t<\/span>\n\t\t<\/div>\n\t\t\t\t\t\t<\/div>\n\t\t\t\t<\/div>\n\t\t\t\t\t<\/div>\n\t\t\t\t<\/div>\n\t\t\t\t<\/div>","protected":false},"excerpt":{"rendered":"<p>FAT 36\u00a0km \u2013 Trail Longo, atravessa a ilha de norte a sul, do Farol da Ponta do Albernaz, em Ponta Delgada, ao Farol da Ponta das Lajes. Ao longo do caminho, os atletas enfrentam trilhos t\u00e9cnicos, subidas exigentes e paisagens de cortar a respira\u00e7\u00e3o, num cen\u00e1rio onde a dureza do desafio se cruza com a [&hellip;]<\/p>\n","protected":false},"author":1,"featured_media":0,"parent":0,"menu_order":0,"comment_status":"closed","ping_status":"closed","template":"","meta":{"site-sidebar-layout":"no-sidebar","site-content-layout":"page-builder","ast-site-content-layout":"full-width-container","site-content-style":"unboxed","site-sidebar-style":"unboxed","ast-global-header-display":"","ast-banner-title-visibility":"","ast-main-header-display":"","ast-hfb-above-header-display":"","ast-hfb-below-header-display":"","ast-hfb-mobile-header-display":"","site-post-title":"disabled","ast-breadcrumbs-content":"","ast-featured-img":"disabled","footer-sml-layout":"","ast-disable-related-posts":"","theme-transparent-header-meta":"","adv-header-id-meta":"","stick-header-meta":"","header-above-stick-meta":"","header-main-stick-meta":"","header-below-stick-meta":"","astra-migrate-meta-layouts":"set","ast-page-background-enabled":"default","ast-page-background-meta":{"desktop":{"background-color":"","background-image":"","background-repeat":"repeat","background-position":"center center","background-size":"auto","background-attachment":"scroll","background-type":"","background-media":"","overlay-type":"","overlay-color":"","overlay-opacity":"","overlay-gradient":""},"tablet":{"background-color":"","background-image":"","background-repeat":"repeat","background-position":"center center","background-size":"auto","background-attachment":"scroll","background-type":"","background-media":"","overlay-type":"","overlay-color":"","overlay-opacity":"","overlay-gradient":""},"mobile":{"background-color":"","background-image":"","background-repeat":"repeat","background-position":"center center","background-size":"auto","background-attachment":"scroll","background-type":"","background-media":"","overlay-type":"","overlay-color":"","overlay-opacity":"","overlay-gradient":""}},"ast-content-background-meta":{"desktop":{"background-color":"var(--ast-global-color-5)","background-image":"","background-repeat":"repeat","background-position":"center center","background-size":"auto","background-attachment":"scroll","background-type":"","background-media":"","overlay-type":"","overlay-color":"","overlay-opacity":"","overlay-gradient":""},"tablet":{"background-color":"var(--ast-global-color-5)","background-image":"","background-repeat":"repeat","background-position":"center center","background-size":"auto","background-attachment":"scroll","background-type":"","background-media":"","overlay-type":"","overlay-color":"","overlay-opacity":"","overlay-gradient":""},"mobile":{"background-color":"var(--ast-global-color-5)","background-image":"","background-repeat":"repeat","background-position":"center center","background-size":"auto","background-attachment":"scroll","background-type":"","background-media":"","overlay-type":"","overlay-color":"","overlay-opacity":"","overlay-gradient":""}},"footnotes":""},"class_list":["post-1754","page","type-page","status-publish","hentry"],"_hostinger_reach_plugin_has_subscription_block":false,"_hostinger_reach_plugin_is_elementor":false,"_links":{"self":[{"href":"https:\/\/faroladventuretrail.com\/en\/wp-json\/wp\/v2\/pages\/1754","targetHints":{"allow":["GET"]}}],"collection":[{"href":"https:\/\/faroladventuretrail.com\/en\/wp-json\/wp\/v2\/pages"}],"about":[{"href":"https:\/\/faroladventuretrail.com\/en\/wp-json\/wp\/v2\/types\/page"}],"author":[{"embeddable":true,"href":"https:\/\/faroladventuretrail.com\/en\/wp-json\/wp\/v2\/users\/1"}],"replies":[{"embeddable":true,"href":"https:\/\/faroladventuretrail.com\/en\/wp-json\/wp\/v2\/comments?post=1754"}],"version-history":[{"count":15,"href":"https:\/\/faroladventuretrail.com\/en\/wp-json\/wp\/v2\/pages\/1754\/revisions"}],"predecessor-version":[{"id":1806,"href":"https:\/\/faroladventuretrail.com\/en\/wp-json\/wp\/v2\/pages\/1754\/revisions\/1806"}],"wp:attachment":[{"href":"https:\/\/faroladventuretrail.com\/en\/wp-json\/wp\/v2\/media?parent=1754"}],"curies":[{"name":"wp","href":"https:\/\/api.w.org\/{rel}","templated":true}]}}